{"id":10,"date":"2024-02-08T15:55:41","date_gmt":"2024-02-08T14:55:41","guid":{"rendered":"https:\/\/7465.peda.univ-lille.fr\/projetslicenceSID\/?page_id=10"},"modified":"2024-03-14T17:37:20","modified_gmt":"2024-03-14T16:37:20","slug":"themes","status":"publish","type":"page","link":"https:\/\/7465.peda.univ-lille.fr\/projetslicenceSID\/","title":{"rendered":"Th\u00e8mes"},"content":{"rendered":"\n<div class=\"wp-block-columns alignfull has-text-color is-layout-flex wp-container-core-columns-is-layout-9d6595d7 wp-block-columns-is-layout-flex\" style=\"color:#000000\">\n<div class=\"wp-block-column is-layout-flow wp-block-column-is-layout-flow\">\n<figure class=\"wp-block-image size-large\"><img loading=\"lazy\" decoding=\"async\" width=\"1603\" height=\"1602\" src=\"https:\/\/7465.peda.univ-lille.fr\/projetslicenceSID\/wp-content\/uploads\/2024\/03\/annika-treial-e4WUwbcur7Y-unsplash-edited.jpg\" alt=\"\" class=\"wp-image-370\" srcset=\"https:\/\/7465.peda.univ-lille.fr\/projetslicenceSID\/wp-content\/uploads\/2024\/03\/annika-treial-e4WUwbcur7Y-unsplash-edited.jpg 1603w, https:\/\/7465.peda.univ-lille.fr\/projetslicenceSID\/wp-content\/uploads\/2024\/03\/annika-treial-e4WUwbcur7Y-unsplash-edited-300x300.jpg 300w, https:\/\/7465.peda.univ-lille.fr\/projetslicenceSID\/wp-content\/uploads\/2024\/03\/annika-treial-e4WUwbcur7Y-unsplash-edited-1024x1024.jpg 1024w, https:\/\/7465.peda.univ-lille.fr\/projetslicenceSID\/wp-content\/uploads\/2024\/03\/annika-treial-e4WUwbcur7Y-unsplash-edited-150x150.jpg 150w, https:\/\/7465.peda.univ-lille.fr\/projetslicenceSID\/wp-content\/uploads\/2024\/03\/annika-treial-e4WUwbcur7Y-unsplash-edited-768x768.jpg 768w, https:\/\/7465.peda.univ-lille.fr\/projetslicenceSID\/wp-content\/uploads\/2024\/03\/annika-treial-e4WUwbcur7Y-unsplash-edited-1536x1536.jpg 1536w, https:\/\/7465.peda.univ-lille.fr\/projetslicenceSID\/wp-content\/uploads\/2024\/03\/annika-treial-e4WUwbcur7Y-unsplash-edited-850x849.jpg 850w\" sizes=\"auto, (max-width: 1603px) 100vw, 1603px\" \/><\/figure>\n\n\n\n<h3 class=\"wp-block-heading has-text-align-center\" style=\"font-size:24px;line-height:1.3\"><a href=\"https:\/\/7465.peda.univ-lille.fr\/projetslicenceSID\/?cat=79\">Animaux<\/a><\/h3>\n\n\n\n<p class=\"has-text-align-center\">Mus\u00e9es, expositions, patrimoine r\u00e9gional&#8230;<\/p>\n<\/div>\n\n\n\n<div class=\"wp-block-column is-layout-flow wp-block-column-is-layout-flow\">\n<figure class=\"wp-block-image size-large\"><img loading=\"lazy\" decoding=\"async\" width=\"1024\" height=\"1024\" src=\"https:\/\/7465.peda.univ-lille.fr\/projetslicenceSID\/wp-content\/uploads\/2024\/02\/matthieu-comoy-koo_vYrlU_U-unsplash-edited-1024x1024.jpg\" alt=\"\" class=\"wp-image-207\" srcset=\"https:\/\/7465.peda.univ-lille.fr\/projetslicenceSID\/wp-content\/uploads\/2024\/02\/matthieu-comoy-koo_vYrlU_U-unsplash-edited-1024x1024.jpg 1024w, https:\/\/7465.peda.univ-lille.fr\/projetslicenceSID\/wp-content\/uploads\/2024\/02\/matthieu-comoy-koo_vYrlU_U-unsplash-edited-300x300.jpg 300w, https:\/\/7465.peda.univ-lille.fr\/projetslicenceSID\/wp-content\/uploads\/2024\/02\/matthieu-comoy-koo_vYrlU_U-unsplash-edited-150x150.jpg 150w, https:\/\/7465.peda.univ-lille.fr\/projetslicenceSID\/wp-content\/uploads\/2024\/02\/matthieu-comoy-koo_vYrlU_U-unsplash-edited-768x768.jpg 768w, https:\/\/7465.peda.univ-lille.fr\/projetslicenceSID\/wp-content\/uploads\/2024\/02\/matthieu-comoy-koo_vYrlU_U-unsplash-edited-1536x1536.jpg 1536w, https:\/\/7465.peda.univ-lille.fr\/projetslicenceSID\/wp-content\/uploads\/2024\/02\/matthieu-comoy-koo_vYrlU_U-unsplash-edited-850x849.jpg 850w, https:\/\/7465.peda.univ-lille.fr\/projetslicenceSID\/wp-content\/uploads\/2024\/02\/matthieu-comoy-koo_vYrlU_U-unsplash-edited.jpg 1601w\" sizes=\"auto, (max-width: 1024px) 100vw, 1024px\" \/><\/figure>\n\n\n\n<h3 class=\"wp-block-heading has-text-align-center\" style=\"font-size:24px;line-height:1.3\"><a href=\"https:\/\/7465.peda.univ-lille.fr\/projetslicenceSID\/?cat=36\" data-type=\"link\" data-id=\"https:\/\/7465.peda.univ-lille.fr\/projetslicenceSID\/?cat=36\">Arts et Artistes<\/a><\/h3>\n\n\n\n<p class=\"has-text-align-center\">Groupes de musique, photographes, danseurs, &#8230;<\/p>\n<\/div>\n\n\n\n<div class=\"wp-block-column is-layout-flow wp-block-column-is-layout-flow\">\n<figure class=\"wp-block-image size-large\"><img loading=\"lazy\" decoding=\"async\" width=\"1800\" height=\"1800\" src=\"https:\/\/7465.peda.univ-lille.fr\/projetslicenceSID\/wp-content\/uploads\/2024\/03\/edz-norton-9rStyyFGKQA-unsplash-edited.jpg\" alt=\"\" class=\"wp-image-300\" srcset=\"https:\/\/7465.peda.univ-lille.fr\/projetslicenceSID\/wp-content\/uploads\/2024\/03\/edz-norton-9rStyyFGKQA-unsplash-edited.jpg 1800w, https:\/\/7465.peda.univ-lille.fr\/projetslicenceSID\/wp-content\/uploads\/2024\/03\/edz-norton-9rStyyFGKQA-unsplash-edited-300x300.jpg 300w, https:\/\/7465.peda.univ-lille.fr\/projetslicenceSID\/wp-content\/uploads\/2024\/03\/edz-norton-9rStyyFGKQA-unsplash-edited-1024x1024.jpg 1024w, https:\/\/7465.peda.univ-lille.fr\/projetslicenceSID\/wp-content\/uploads\/2024\/03\/edz-norton-9rStyyFGKQA-unsplash-edited-150x150.jpg 150w, https:\/\/7465.peda.univ-lille.fr\/projetslicenceSID\/wp-content\/uploads\/2024\/03\/edz-norton-9rStyyFGKQA-unsplash-edited-768x768.jpg 768w, https:\/\/7465.peda.univ-lille.fr\/projetslicenceSID\/wp-content\/uploads\/2024\/03\/edz-norton-9rStyyFGKQA-unsplash-edited-1536x1536.jpg 1536w, https:\/\/7465.peda.univ-lille.fr\/projetslicenceSID\/wp-content\/uploads\/2024\/03\/edz-norton-9rStyyFGKQA-unsplash-edited-850x850.jpg 850w\" sizes=\"auto, (max-width: 1800px) 100vw, 1800px\" \/><\/figure>\n\n\n\n<h3 class=\"wp-block-heading has-text-align-center\" style=\"font-size:24px;line-height:1.3\"><a href=\"https:\/\/7465.peda.univ-lille.fr\/projetslicenceSID\/?cat=51\" data-type=\"link\" data-id=\"https:\/\/7465.peda.univ-lille.fr\/projetslicenceSID\/?cat=51\">Cr\u00e9ation et artisanat<\/a><\/h3>\n\n\n\n<p class=\"has-text-align-center\">DIY, fait main, compositions florales, &#8230;<\/p>\n<\/div>\n<\/div>\n\n\n\n<div class=\"wp-block-columns alignfull has-text-color is-layout-flex wp-container-core-columns-is-layout-9d6595d7 wp-block-columns-is-layout-flex\" style=\"color:#000000\">\n<div class=\"wp-block-column is-layout-flow wp-block-column-is-layout-flow\">\n<figure class=\"wp-block-image size-large\"><img loading=\"lazy\" decoding=\"async\" width=\"1024\" height=\"1024\" src=\"https:\/\/7465.peda.univ-lille.fr\/projetslicenceSID\/wp-content\/uploads\/2024\/02\/jakub-kapusnak-4f4YZfDMLeU-unsplash-edited-1024x1024.jpg\" alt=\"\" class=\"wp-image-214\" srcset=\"https:\/\/7465.peda.univ-lille.fr\/projetslicenceSID\/wp-content\/uploads\/2024\/02\/jakub-kapusnak-4f4YZfDMLeU-unsplash-edited-1024x1024.jpg 1024w, https:\/\/7465.peda.univ-lille.fr\/projetslicenceSID\/wp-content\/uploads\/2024\/02\/jakub-kapusnak-4f4YZfDMLeU-unsplash-edited-300x300.jpg 300w, https:\/\/7465.peda.univ-lille.fr\/projetslicenceSID\/wp-content\/uploads\/2024\/02\/jakub-kapusnak-4f4YZfDMLeU-unsplash-edited-150x150.jpg 150w, https:\/\/7465.peda.univ-lille.fr\/projetslicenceSID\/wp-content\/uploads\/2024\/02\/jakub-kapusnak-4f4YZfDMLeU-unsplash-edited-768x768.jpg 768w, https:\/\/7465.peda.univ-lille.fr\/projetslicenceSID\/wp-content\/uploads\/2024\/02\/jakub-kapusnak-4f4YZfDMLeU-unsplash-edited-1536x1536.jpg 1536w, https:\/\/7465.peda.univ-lille.fr\/projetslicenceSID\/wp-content\/uploads\/2024\/02\/jakub-kapusnak-4f4YZfDMLeU-unsplash-edited-850x849.jpg 850w, https:\/\/7465.peda.univ-lille.fr\/projetslicenceSID\/wp-content\/uploads\/2024\/02\/jakub-kapusnak-4f4YZfDMLeU-unsplash-edited.jpg 1601w\" sizes=\"auto, (max-width: 1024px) 100vw, 1024px\" \/><\/figure>\n\n\n\n<h3 class=\"wp-block-heading has-text-align-center\" style=\"font-size:24px;line-height:1.3\"><a href=\"https:\/\/7465.peda.univ-lille.fr\/projetslicenceSID\/?cat=6\">Restauration et h\u00f4tels<\/a> <\/h3>\n\n\n\n<p class=\"has-text-align-center\">Restaurants, h\u00f4tels, fast-food, &#8230;<\/p>\n<\/div>\n\n\n\n<div class=\"wp-block-column is-layout-flow wp-block-column-is-layout-flow\">\n<figure class=\"wp-block-image size-large\"><img loading=\"lazy\" decoding=\"async\" width=\"1268\" height=\"1268\" src=\"https:\/\/7465.peda.univ-lille.fr\/projetslicenceSID\/wp-content\/uploads\/2024\/03\/roberto-sorin-RS0-h_pyByk-unsplash2-edited.jpg\" alt=\"\" class=\"wp-image-297\" srcset=\"https:\/\/7465.peda.univ-lille.fr\/projetslicenceSID\/wp-content\/uploads\/2024\/03\/roberto-sorin-RS0-h_pyByk-unsplash2-edited.jpg 1268w, https:\/\/7465.peda.univ-lille.fr\/projetslicenceSID\/wp-content\/uploads\/2024\/03\/roberto-sorin-RS0-h_pyByk-unsplash2-edited-300x300.jpg 300w, https:\/\/7465.peda.univ-lille.fr\/projetslicenceSID\/wp-content\/uploads\/2024\/03\/roberto-sorin-RS0-h_pyByk-unsplash2-edited-1024x1024.jpg 1024w, https:\/\/7465.peda.univ-lille.fr\/projetslicenceSID\/wp-content\/uploads\/2024\/03\/roberto-sorin-RS0-h_pyByk-unsplash2-edited-150x150.jpg 150w, https:\/\/7465.peda.univ-lille.fr\/projetslicenceSID\/wp-content\/uploads\/2024\/03\/roberto-sorin-RS0-h_pyByk-unsplash2-edited-768x768.jpg 768w, https:\/\/7465.peda.univ-lille.fr\/projetslicenceSID\/wp-content\/uploads\/2024\/03\/roberto-sorin-RS0-h_pyByk-unsplash2-edited-850x850.jpg 850w\" sizes=\"auto, (max-width: 1268px) 100vw, 1268px\" \/><\/figure>\n\n\n\n<h3 class=\"wp-block-heading has-text-align-center\" style=\"font-size:24px;line-height:1.3\"><a href=\"https:\/\/7465.peda.univ-lille.fr\/projetslicenceSID\/?cat=35\" data-type=\"link\" data-id=\"https:\/\/7465.peda.univ-lille.fr\/projetslicenceSID\/?cat=35\">Sant\u00e9<\/a><\/h3>\n\n\n\n<p class=\"has-text-align-center\">M\u00e9decins, opticiens, radiologues&#8230;<\/p>\n<\/div>\n\n\n\n<div class=\"wp-block-column is-layout-flow wp-block-column-is-layout-flow\">\n<figure class=\"wp-block-image size-large\"><img loading=\"lazy\" decoding=\"async\" width=\"1024\" height=\"1024\" src=\"https:\/\/7465.peda.univ-lille.fr\/projetslicenceSID\/wp-content\/uploads\/2024\/02\/gabin-vallet-J154nEkpzlQ-unsplash-edited-1024x1024.jpg\" alt=\"\" class=\"wp-image-209\" srcset=\"https:\/\/7465.peda.univ-lille.fr\/projetslicenceSID\/wp-content\/uploads\/2024\/02\/gabin-vallet-J154nEkpzlQ-unsplash-edited-1024x1024.jpg 1024w, https:\/\/7465.peda.univ-lille.fr\/projetslicenceSID\/wp-content\/uploads\/2024\/02\/gabin-vallet-J154nEkpzlQ-unsplash-edited-300x300.jpg 300w, https:\/\/7465.peda.univ-lille.fr\/projetslicenceSID\/wp-content\/uploads\/2024\/02\/gabin-vallet-J154nEkpzlQ-unsplash-edited-150x150.jpg 150w, https:\/\/7465.peda.univ-lille.fr\/projetslicenceSID\/wp-content\/uploads\/2024\/02\/gabin-vallet-J154nEkpzlQ-unsplash-edited-768x768.jpg 768w, https:\/\/7465.peda.univ-lille.fr\/projetslicenceSID\/wp-content\/uploads\/2024\/02\/gabin-vallet-J154nEkpzlQ-unsplash-edited-1536x1536.jpg 1536w, https:\/\/7465.peda.univ-lille.fr\/projetslicenceSID\/wp-content\/uploads\/2024\/02\/gabin-vallet-J154nEkpzlQ-unsplash-edited-850x849.jpg 850w, https:\/\/7465.peda.univ-lille.fr\/projetslicenceSID\/wp-content\/uploads\/2024\/02\/gabin-vallet-J154nEkpzlQ-unsplash-edited.jpg 1601w\" sizes=\"auto, (max-width: 1024px) 100vw, 1024px\" \/><\/figure>\n\n\n\n<h3 class=\"wp-block-heading has-text-align-center\" style=\"font-size:24px;line-height:1.3\"><a href=\"https:\/\/7465.peda.univ-lille.fr\/projetslicenceSID\/?cat=3\" data-type=\"link\" data-id=\"https:\/\/7465.peda.univ-lille.fr\/projetslicenceSID\/?cat=3\">Sport<\/a><\/h3>\n\n\n\n<p class=\"has-text-align-center\">Salles de sport, coachs, associations&#8230;<\/p>\n<\/div>\n<\/div>\n\n\n\n<div class=\"wp-block-columns alignfull has-text-color is-layout-flex wp-container-core-columns-is-layout-9d6595d7 wp-block-columns-is-layout-flex\" style=\"color:#000000\">\n<div class=\"wp-block-column is-layout-flow wp-block-column-is-layout-flow\">\n<figure class=\"wp-block-image size-large\"><img loading=\"lazy\" decoding=\"async\" width=\"1601\" height=\"1600\" src=\"https:\/\/7465.peda.univ-lille.fr\/projetslicenceSID\/wp-content\/uploads\/2024\/02\/luca-bravo-O453M2Liufs-unsplash-edited.jpg\" alt=\"\" class=\"wp-image-217\" srcset=\"https:\/\/7465.peda.univ-lille.fr\/projetslicenceSID\/wp-content\/uploads\/2024\/02\/luca-bravo-O453M2Liufs-unsplash-edited.jpg 1601w, https:\/\/7465.peda.univ-lille.fr\/projetslicenceSID\/wp-content\/uploads\/2024\/02\/luca-bravo-O453M2Liufs-unsplash-edited-300x300.jpg 300w, https:\/\/7465.peda.univ-lille.fr\/projetslicenceSID\/wp-content\/uploads\/2024\/02\/luca-bravo-O453M2Liufs-unsplash-edited-1024x1024.jpg 1024w, https:\/\/7465.peda.univ-lille.fr\/projetslicenceSID\/wp-content\/uploads\/2024\/02\/luca-bravo-O453M2Liufs-unsplash-edited-150x150.jpg 150w, https:\/\/7465.peda.univ-lille.fr\/projetslicenceSID\/wp-content\/uploads\/2024\/02\/luca-bravo-O453M2Liufs-unsplash-edited-768x768.jpg 768w, https:\/\/7465.peda.univ-lille.fr\/projetslicenceSID\/wp-content\/uploads\/2024\/02\/luca-bravo-O453M2Liufs-unsplash-edited-1536x1536.jpg 1536w, https:\/\/7465.peda.univ-lille.fr\/projetslicenceSID\/wp-content\/uploads\/2024\/02\/luca-bravo-O453M2Liufs-unsplash-edited-850x849.jpg 850w\" sizes=\"auto, (max-width: 1601px) 100vw, 1601px\" \/><\/figure>\n\n\n\n<h3 class=\"wp-block-heading has-text-align-center\" style=\"font-size:24px;line-height:1.3\"><a href=\"https:\/\/7465.peda.univ-lille.fr\/projetslicenceSID\/?cat=4\" data-type=\"link\" data-id=\"https:\/\/7465.peda.univ-lille.fr\/projetslicenceSID\/?cat=4\">Voyages<\/a><\/h3>\n\n\n\n<p class=\"has-text-align-center\">Agences de voyages, blog personnel, &#8230;<\/p>\n<\/div>\n\n\n\n<div class=\"wp-block-column is-layout-flow wp-block-column-is-layout-flow\">\n<figure class=\"wp-block-image size-large\"><img loading=\"lazy\" decoding=\"async\" width=\"2400\" height=\"2400\" src=\"https:\/\/7465.peda.univ-lille.fr\/projetslicenceSID\/wp-content\/uploads\/2024\/03\/arpad-czapp-AnLOmL-58VU-unsplash-edited.jpg\" alt=\"\" class=\"wp-image-298\" srcset=\"https:\/\/7465.peda.univ-lille.fr\/projetslicenceSID\/wp-content\/uploads\/2024\/03\/arpad-czapp-AnLOmL-58VU-unsplash-edited.jpg 2400w, https:\/\/7465.peda.univ-lille.fr\/projetslicenceSID\/wp-content\/uploads\/2024\/03\/arpad-czapp-AnLOmL-58VU-unsplash-edited-300x300.jpg 300w, https:\/\/7465.peda.univ-lille.fr\/projetslicenceSID\/wp-content\/uploads\/2024\/03\/arpad-czapp-AnLOmL-58VU-unsplash-edited-1024x1024.jpg 1024w, https:\/\/7465.peda.univ-lille.fr\/projetslicenceSID\/wp-content\/uploads\/2024\/03\/arpad-czapp-AnLOmL-58VU-unsplash-edited-150x150.jpg 150w, https:\/\/7465.peda.univ-lille.fr\/projetslicenceSID\/wp-content\/uploads\/2024\/03\/arpad-czapp-AnLOmL-58VU-unsplash-edited-768x768.jpg 768w, https:\/\/7465.peda.univ-lille.fr\/projetslicenceSID\/wp-content\/uploads\/2024\/03\/arpad-czapp-AnLOmL-58VU-unsplash-edited-1536x1536.jpg 1536w, https:\/\/7465.peda.univ-lille.fr\/projetslicenceSID\/wp-content\/uploads\/2024\/03\/arpad-czapp-AnLOmL-58VU-unsplash-edited-2048x2048.jpg 2048w, https:\/\/7465.peda.univ-lille.fr\/projetslicenceSID\/wp-content\/uploads\/2024\/03\/arpad-czapp-AnLOmL-58VU-unsplash-edited-850x850.jpg 850w\" sizes=\"auto, (max-width: 2400px) 100vw, 2400px\" \/><\/figure>\n\n\n\n<h3 class=\"wp-block-heading has-text-align-center\" style=\"font-size:24px;line-height:1.3\"><a href=\"https:\/\/7465.peda.univ-lille.fr\/projetslicenceSID\/?cat=8\" data-type=\"link\" data-id=\"https:\/\/7465.peda.univ-lille.fr\/projetslicenceSID\/?cat=8\">Institutions<\/a><\/h3>\n\n\n\n<p class=\"has-text-align-center\">Mairies, associations \u00e9tudiantes et de quartier, &#8230;<\/p>\n<\/div>\n\n\n\n<div class=\"wp-block-column is-layout-flow wp-block-column-is-layout-flow\">\n<figure class=\"wp-block-image size-large\"><img loading=\"lazy\" decoding=\"async\" width=\"1601\" height=\"1600\" src=\"https:\/\/7465.peda.univ-lille.fr\/projetslicenceSID\/wp-content\/uploads\/2024\/02\/marvin-meyer-SYTO3xs06fU-unsplash-edited.jpg\" alt=\"\" class=\"wp-image-218\" srcset=\"https:\/\/7465.peda.univ-lille.fr\/projetslicenceSID\/wp-content\/uploads\/2024\/02\/marvin-meyer-SYTO3xs06fU-unsplash-edited.jpg 1601w, https:\/\/7465.peda.univ-lille.fr\/projetslicenceSID\/wp-content\/uploads\/2024\/02\/marvin-meyer-SYTO3xs06fU-unsplash-edited-300x300.jpg 300w, https:\/\/7465.peda.univ-lille.fr\/projetslicenceSID\/wp-content\/uploads\/2024\/02\/marvin-meyer-SYTO3xs06fU-unsplash-edited-1024x1024.jpg 1024w, https:\/\/7465.peda.univ-lille.fr\/projetslicenceSID\/wp-content\/uploads\/2024\/02\/marvin-meyer-SYTO3xs06fU-unsplash-edited-150x150.jpg 150w, https:\/\/7465.peda.univ-lille.fr\/projetslicenceSID\/wp-content\/uploads\/2024\/02\/marvin-meyer-SYTO3xs06fU-unsplash-edited-768x768.jpg 768w, https:\/\/7465.peda.univ-lille.fr\/projetslicenceSID\/wp-content\/uploads\/2024\/02\/marvin-meyer-SYTO3xs06fU-unsplash-edited-1536x1536.jpg 1536w, https:\/\/7465.peda.univ-lille.fr\/projetslicenceSID\/wp-content\/uploads\/2024\/02\/marvin-meyer-SYTO3xs06fU-unsplash-edited-850x849.jpg 850w\" sizes=\"auto, (max-width: 1601px) 100vw, 1601px\" \/><\/figure>\n\n\n\n<h3 class=\"wp-block-heading has-text-align-center\" style=\"font-size:24px;line-height:1.3\"><a href=\"https:\/\/7465.peda.univ-lille.fr\/projetslicenceSID\/?cat=7\" data-type=\"link\" data-id=\"https:\/\/7465.peda.univ-lille.fr\/projetslicenceSID\/?cat=7\">Entreprenariat<\/a><\/h3>\n\n\n\n<p class=\"has-text-align-center\">Auto-entrepreneurs, e-commerce&#8230;<\/p>\n<\/div>\n<\/div>\n","protected":false},"excerpt":{"rendered":"<p>Animaux Mus\u00e9es, expositions, patrimoine r\u00e9gional&#8230; Arts et Artistes Groupes de musique, photographes, danseurs, &#8230; Cr\u00e9ation et artisanat DIY, fait main, compositions florales, &#8230; Restauration et h\u00f4tels Restaurants, h\u00f4tels, fast-food, &#8230; Sant\u00e9 M\u00e9decins, opticiens, radiologues&#8230; Sport Salles de sport, coachs, associations&#8230; Voyages Agences de voyages, blog personnel, &#8230; Institutions Mairies, associations \u00e9tudiantes et de quartier, &#8230;&#8230;<\/p>\n","protected":false},"author":2,"featured_media":0,"parent":0,"menu_order":0,"comment_status":"closed","ping_status":"closed","template":"","meta":{"footnotes":""},"class_list":["post-10","page","type-page","status-publish","hentry"],"_links":{"self":[{"href":"https:\/\/7465.peda.univ-lille.fr\/projetslicenceSID\/index.php?rest_route=\/wp\/v2\/pages\/10","targetHints":{"allow":["GET"]}}],"collection":[{"href":"https:\/\/7465.peda.univ-lille.fr\/projetslicenceSID\/index.php?rest_route=\/wp\/v2\/pages"}],"about":[{"href":"https:\/\/7465.peda.univ-lille.fr\/projetslicenceSID\/index.php?rest_route=\/wp\/v2\/types\/page"}],"author":[{"embeddable":true,"href":"https:\/\/7465.peda.univ-lille.fr\/projetslicenceSID\/index.php?rest_route=\/wp\/v2\/users\/2"}],"replies":[{"embeddable":true,"href":"https:\/\/7465.peda.univ-lille.fr\/projetslicenceSID\/index.php?rest_route=%2Fwp%2Fv2%2Fcomments&post=10"}],"version-history":[{"count":29,"href":"https:\/\/7465.peda.univ-lille.fr\/projetslicenceSID\/index.php?rest_route=\/wp\/v2\/pages\/10\/revisions"}],"predecessor-version":[{"id":388,"href":"https:\/\/7465.peda.univ-lille.fr\/projetslicenceSID\/index.php?rest_route=\/wp\/v2\/pages\/10\/revisions\/388"}],"wp:attachment":[{"href":"https:\/\/7465.peda.univ-lille.fr\/projetslicenceSID\/index.php?rest_route=%2Fwp%2Fv2%2Fmedia&parent=10"}],"curies":[{"name":"wp","href":"https:\/\/api.w.org\/{rel}","templated":true}]}}